{"id":6145,"date":"2020-02-26T11:04:50","date_gmt":"2020-02-26T10:04:50","guid":{"rendered":"https:\/\/copaboca.com\/politica-de-cookies\/"},"modified":"2020-03-19T11:59:19","modified_gmt":"2020-03-19T10:59:19","slug":"cookie-policy","status":"publish","type":"page","link":"https:\/\/copaboca.com\/en\/cookie-policy\/","title":{"rendered":"Cookie policy"},"content":{"rendered":"<div class=\"wpb-content-wrapper\"><p>[vc_row][vc_column][vc_column_text]<span style=\"font-weight: 400;\">COPABOCA SHOPPING S.L., a trav\u00e9s del presente documento, recoge su Pol\u00edtica de recogida y tratamiento de cookies, en cumplimiento de lo dispuesto en el art\u00edculo de la Ley 34\/2002, de 11 de julio, de Servicios de la Sociedad de la Informaci\u00f3n y de Comercio Electr\u00f3nico (LSSICE).<\/span><\/p>\n<p><span style=\"font-weight: 400;\">Las cookies se almacenan en el equipo terminal del usuario (ordenador o dispositivo m\u00f3vil) y recopilan informaci\u00f3n al visitar la p\u00e1gina web www.copaboca.com\/, con la finalidad de mejorar la usabilidad de las mismas, conocer los h\u00e1bitos o necesidades de navegaci\u00f3n de los usuarios para poder adaptarse a los mismos, as\u00ed como obtener informaci\u00f3n con fines estad\u00edsticos. En el caso de aquellos usuarios que ya sean clientes de COPABOCA SHOPPING S.L., la informaci\u00f3n recabada con las cookies servir\u00e1 tambi\u00e9n para su identificaci\u00f3n al acceder a las distintas herramientas que COPABOCA SHOPPING S.L. pone a su disposici\u00f3n para la gesti\u00f3n de los servicios.<\/span><\/p>\n<p><span style=\"font-weight: 400;\">La presente Pol\u00edtica de Cookies ser\u00e1 de aplicaci\u00f3n a aquellos usuarios que voluntariamente visitan las p\u00e1ginas web de COPABOCA SHOPPING S.L., cumplimentan formularios de recogida de datos, acceden a las herramientas que COPABOCA SHOPPING S.L. pone a disposici\u00f3n de sus clientes para gestionar sus servicios, o utilizan cualquier otro servicio presente en el sitio web que implique la comunicaci\u00f3n de datos a COPABOCA SHOPPING S.L., o el acceso a datos por COPABOCA SHOPPING S.L., para la prestaci\u00f3n de sus servicios.<\/span><\/p>\n<p><span style=\"font-weight: 400;\">COPABOCA SHOPPING S.L. informa a los usuarios de sus p\u00e1ginas web, de la existencia de cookies y pone a su disposici\u00f3n la presente Pol\u00edtica con la finalidad de informarles acerca del uso y del objeto de las mismas. El hecho de continuar la navegaci\u00f3n a trav\u00e9s de sus p\u00e1ginas, supone el conocimiento y la aceptaci\u00f3n de la presente Pol\u00edtica por parte de dichos usuarios.<\/span><\/p>\n<p><span style=\"font-weight: 400;\">COPABOCA SHOPPING S.L. utiliza los siguientes tipos de cookies:<\/span><\/p>\n<p><span style=\"font-weight: 400;\">Clasificadas por su titularidad:<\/span><\/p>\n<ul>\n<li><span style=\"font-weight: 400;\">Cookies propias: enviadas y gestionadas directamente por COPABOCA SHOPPING S.L.<\/span><\/li>\n<li><span style=\"font-weight: 400;\">Cookies de terceros: enviadas y gestionadas por un tercero ajeno aCOPABOCA SHOPPING S.L., de forma an\u00f3nima, con la finalidad de realizar estudios estad\u00edsticos de navegaci\u00f3n por las p\u00e1ginas web de COPABOCA SHOPPING S.L.<\/span><\/li>\n<\/ul>\n<p><span style=\"font-weight: 400;\">Clasificadas por su finalidad:<\/span><\/p>\n<ul>\n<li><span style=\"font-weight: 400;\">Cookies t\u00e9cnicas y\/o de personalizaci\u00f3n: facilitan la navegaci\u00f3n, al identificar la sesi\u00f3n, permitir el acceso a herramientas de acceso restringido, adem\u00e1s de configurar a medida las opciones disponibles. Posibilitan la prestaci\u00f3n del servicio solicitado previamente por el usuario.<\/span><\/li>\n<li><span style=\"font-weight: 400;\">Cookies de an\u00e1lisis y\/o publicidad: permiten conocer el n\u00famero de visitas recibidas en las diferentes secciones de las p\u00e1ginas web, los h\u00e1bitos y tendencias de sus usuarios y en consecuencia, poder mejorar la navegaci\u00f3n y el servicio ofrecido por COPABOCA SHOPPING S.L. (fundamentalmente, Google Analytics), as\u00ed como gestionar los espacios publicitarios incluidos en la p\u00e1gina web visitada por el usuario. Recopila datos de forma an\u00f3nima con la finalidad de obtener perfiles de navegaci\u00f3n de los usuarios.<\/span><\/li>\n<\/ul>\n<p><span style=\"font-weight: 400;\">Clasificadas por su duraci\u00f3n:<\/span><\/p>\n<ul>\n<li><span style=\"font-weight: 400;\">Cookies de sesi\u00f3n: recaban y almacenan los datos mientras el usuario accede a la p\u00e1gina web.<\/span><\/li>\n<li><span style=\"font-weight: 400;\">Cookies persistentes: recaban y almacenan los datos en el terminal del usuario durante un periodo de tiempo variable en funci\u00f3n de cu\u00e1l sea la finalidad para la que han sido utilizadas.<\/span><\/li>\n<\/ul>\n<p><span style=\"font-weight: 400;\">El tiempo de conservaci\u00f3n de las cookies depender\u00e1 del tipo de que se trate y siempre ser\u00e1 el m\u00ednimo indispensable para cumplir su finalidad.<\/span><\/p>\n<p><span style=\"font-weight: 400;\">En cualquier caso, los usuarios pueden configurar su navegador, de manera que se deshabilite o bloquee la recepci\u00f3n de todas o algunas de las cookies.<\/span><\/p>\n<p><span style=\"font-weight: 400;\">El hecho de no desear recibir estas cookies, no constituye un impedimento para poder acceder a la informaci\u00f3n de los sitios web de COPABOCA SHOPPING S.L. aunque el uso de algunos servicios podr\u00e1 ser limitado.<\/span><\/p>\n<p><span style=\"font-weight: 400;\">Si una vez otorgado el consentimiento para la recepci\u00f3n de cookies, se desease retirar \u00e9ste, se deber\u00e1n eliminar aquellas almacenadas en el equipo del usuario, a trav\u00e9s de las opciones de los diferentes navegadores.<\/span><\/p>\n<p><span style=\"font-weight: 400;\">La forma de configurar los diferentes navegadores para ejercitar las acciones se\u00f1aladas en los p\u00e1rrafos anteriores, se puede consultar en:<\/span><\/p>\n<ul>\n<li><span style=\"font-weight: 400;\">Explorer: h<\/span>ttp:\/\/windows.microsoft.com\/es-es\/windows7\/how-to-manage-cookies-in-internet-explorer-9<\/li>\n<li><span style=\"font-weight: 400;\">Chrome: https:\/\/support.google.com\/chrome\/answer\/95647?hl=es<\/span><\/li>\n<li><span style=\"font-weight: 400;\">Firefox:\u00a0<\/span>http:\/\/support.mozilla.org\/es\/kb\/cookies-informacion-que-los-sitios-web-guardan-en-?redirectlocal e=en-US&amp;redirectslug=Cookies<\/li>\n<\/ul>\n<p>[\/vc_column_text][\/vc_column][\/vc_row]<\/p>\n<\/div>","protected":false},"excerpt":{"rendered":"<p>[vc_row][vc_column][vc_column_text]COPABOCA SHOPPING S.L., a trav\u00e9s del presente documento, recoge su Pol\u00edtica de recogida y tratamiento de cookies, en cumplimiento de lo dispuesto en el art\u00edculo de la Ley 34\/2002, de 11 de julio, de Servicios de la Sociedad de la Informaci\u00f3n y de Comercio Electr\u00f3nico (LSSICE). Las cookies se almacenan en el equipo terminal del [&hellip;]<\/p>\n","protected":false},"author":796,"featured_media":0,"parent":0,"menu_order":0,"comment_status":"closed","ping_status":"closed","template":"","meta":{"footnotes":""},"class_list":["post-6145","page","type-page","status-publish","hentry"],"yoast_head":"<!-- This site is optimized with the Yoast SEO plugin v27.4 - https:\/\/yoast.com\/product\/yoast-seo-wordpress\/ -->\n<title>Cookie policy - Bodegas Copaboca<\/title>\n<meta name=\"robots\" content=\"index, follow, max-snippet:-1, max-image-preview:large, max-video-preview:-1\" \/>\n<link rel=\"canonical\" href=\"https:\/\/copaboca.com\/en\/cookie-policy\/\" \/>\n<meta property=\"og:locale\" content=\"en_US\" \/>\n<meta property=\"og:type\" content=\"article\" \/>\n<meta property=\"og:title\" content=\"Cookie policy - Bodegas Copaboca\" \/>\n<meta property=\"og:description\" content=\"[vc_row][vc_column][vc_column_text]COPABOCA SHOPPING S.L., a trav\u00e9s del presente documento, recoge su Pol\u00edtica de recogida y tratamiento de cookies, en cumplimiento de lo dispuesto en el art\u00edculo de la Ley 34\/2002, de 11 de julio, de Servicios de la Sociedad de la Informaci\u00f3n y de Comercio Electr\u00f3nico (LSSICE). Las cookies se almacenan en el equipo terminal del [&hellip;]\" \/>\n<meta property=\"og:url\" content=\"https:\/\/copaboca.com\/en\/cookie-policy\/\" \/>\n<meta property=\"og:site_name\" content=\"Bodegas Copaboca\" \/>\n<meta property=\"article:modified_time\" content=\"2020-03-19T10:59:19+00:00\" \/>\n<meta name=\"twitter:card\" content=\"summary_large_image\" \/>\n<meta name=\"twitter:label1\" content=\"Est. reading time\" \/>\n\t<meta name=\"twitter:data1\" content=\"4 minutes\" \/>\n<script type=\"application\/ld+json\" class=\"yoast-schema-graph\">{\"@context\":\"https:\\\/\\\/schema.org\",\"@graph\":[{\"@type\":\"WebPage\",\"@id\":\"https:\\\/\\\/copaboca.com\\\/en\\\/cookie-policy\\\/\",\"url\":\"https:\\\/\\\/copaboca.com\\\/en\\\/cookie-policy\\\/\",\"name\":\"Cookie policy - Bodegas Copaboca\",\"isPartOf\":{\"@id\":\"https:\\\/\\\/copaboca.com\\\/en\\\/#website\"},\"datePublished\":\"2020-02-26T10:04:50+00:00\",\"dateModified\":\"2020-03-19T10:59:19+00:00\",\"breadcrumb\":{\"@id\":\"https:\\\/\\\/copaboca.com\\\/en\\\/cookie-policy\\\/#breadcrumb\"},\"inLanguage\":\"en-US\",\"potentialAction\":[{\"@type\":\"ReadAction\",\"target\":[\"https:\\\/\\\/copaboca.com\\\/en\\\/cookie-policy\\\/\"]}]},{\"@type\":\"BreadcrumbList\",\"@id\":\"https:\\\/\\\/copaboca.com\\\/en\\\/cookie-policy\\\/#breadcrumb\",\"itemListElement\":[{\"@type\":\"ListItem\",\"position\":1,\"name\":\"Portada\",\"item\":\"https:\\\/\\\/copaboca.com\\\/en\\\/\"},{\"@type\":\"ListItem\",\"position\":2,\"name\":\"Cookie policy\"}]},{\"@type\":\"WebSite\",\"@id\":\"https:\\\/\\\/copaboca.com\\\/en\\\/#website\",\"url\":\"https:\\\/\\\/copaboca.com\\\/en\\\/\",\"name\":\"Bodegas Copaboca\",\"description\":\"Bodegas Copaboca, bodega familiar\",\"potentialAction\":[{\"@type\":\"SearchAction\",\"target\":{\"@type\":\"EntryPoint\",\"urlTemplate\":\"https:\\\/\\\/copaboca.com\\\/en\\\/?s={search_term_string}\"},\"query-input\":{\"@type\":\"PropertyValueSpecification\",\"valueRequired\":true,\"valueName\":\"search_term_string\"}}],\"inLanguage\":\"en-US\"}]}<\/script>\n<!-- \/ Yoast SEO plugin. -->","yoast_head_json":{"title":"Cookie policy - Bodegas Copaboca","robots":{"index":"index","follow":"follow","max-snippet":"max-snippet:-1","max-image-preview":"max-image-preview:large","max-video-preview":"max-video-preview:-1"},"canonical":"https:\/\/copaboca.com\/en\/cookie-policy\/","og_locale":"en_US","og_type":"article","og_title":"Cookie policy - Bodegas Copaboca","og_description":"[vc_row][vc_column][vc_column_text]COPABOCA SHOPPING S.L., a trav\u00e9s del presente documento, recoge su Pol\u00edtica de recogida y tratamiento de cookies, en cumplimiento de lo dispuesto en el art\u00edculo de la Ley 34\/2002, de 11 de julio, de Servicios de la Sociedad de la Informaci\u00f3n y de Comercio Electr\u00f3nico (LSSICE). Las cookies se almacenan en el equipo terminal del [&hellip;]","og_url":"https:\/\/copaboca.com\/en\/cookie-policy\/","og_site_name":"Bodegas Copaboca","article_modified_time":"2020-03-19T10:59:19+00:00","twitter_card":"summary_large_image","twitter_misc":{"Est. reading time":"4 minutes"},"schema":{"@context":"https:\/\/schema.org","@graph":[{"@type":"WebPage","@id":"https:\/\/copaboca.com\/en\/cookie-policy\/","url":"https:\/\/copaboca.com\/en\/cookie-policy\/","name":"Cookie policy - Bodegas Copaboca","isPartOf":{"@id":"https:\/\/copaboca.com\/en\/#website"},"datePublished":"2020-02-26T10:04:50+00:00","dateModified":"2020-03-19T10:59:19+00:00","breadcrumb":{"@id":"https:\/\/copaboca.com\/en\/cookie-policy\/#breadcrumb"},"inLanguage":"en-US","potentialAction":[{"@type":"ReadAction","target":["https:\/\/copaboca.com\/en\/cookie-policy\/"]}]},{"@type":"BreadcrumbList","@id":"https:\/\/copaboca.com\/en\/cookie-policy\/#breadcrumb","itemListElement":[{"@type":"ListItem","position":1,"name":"Portada","item":"https:\/\/copaboca.com\/en\/"},{"@type":"ListItem","position":2,"name":"Cookie policy"}]},{"@type":"WebSite","@id":"https:\/\/copaboca.com\/en\/#website","url":"https:\/\/copaboca.com\/en\/","name":"Bodegas Copaboca","description":"Bodegas Copaboca, bodega familiar","potentialAction":[{"@type":"SearchAction","target":{"@type":"EntryPoint","urlTemplate":"https:\/\/copaboca.com\/en\/?s={search_term_string}"},"query-input":{"@type":"PropertyValueSpecification","valueRequired":true,"valueName":"search_term_string"}}],"inLanguage":"en-US"}]}},"_links":{"self":[{"href":"https:\/\/copaboca.com\/en\/wp-json\/wp\/v2\/pages\/6145","targetHints":{"allow":["GET"]}}],"collection":[{"href":"https:\/\/copaboca.com\/en\/wp-json\/wp\/v2\/pages"}],"about":[{"href":"https:\/\/copaboca.com\/en\/wp-json\/wp\/v2\/types\/page"}],"author":[{"embeddable":true,"href":"https:\/\/copaboca.com\/en\/wp-json\/wp\/v2\/users\/796"}],"replies":[{"embeddable":true,"href":"https:\/\/copaboca.com\/en\/wp-json\/wp\/v2\/comments?post=6145"}],"version-history":[{"count":1,"href":"https:\/\/copaboca.com\/en\/wp-json\/wp\/v2\/pages\/6145\/revisions"}],"predecessor-version":[{"id":6158,"href":"https:\/\/copaboca.com\/en\/wp-json\/wp\/v2\/pages\/6145\/revisions\/6158"}],"wp:attachment":[{"href":"https:\/\/copaboca.com\/en\/wp-json\/wp\/v2\/media?parent=6145"}],"curies":[{"name":"wp","href":"https:\/\/api.w.org\/{rel}","templated":true}]}}