{"id":7023,"date":"2014-01-14T13:49:31","date_gmt":"2014-01-14T12:49:31","guid":{"rendered":"https:\/\/copaboca.com\/tienda\/uncategorized\/copaboca-verdejo\/"},"modified":"2024-09-05T18:05:05","modified_gmt":"2024-09-05T16:05:05","slug":"copaboca-verdejo","status":"publish","type":"product","link":"https:\/\/copaboca.com\/en\/tienda\/wines\/copaboca-verdejo\/","title":{"rendered":"Copaboca Verdejo"},"content":{"rendered":"<p>Verdejo 100% DO Rueda. Es el verdejo emblema de Bodegas Copaboca, los vi\u00f1edos se encuentran en la zona m\u00e1s c\u00e1lida de la Reserva Natural Vega del Duero-Riberas de Castronu\u00f1o. Las caracter\u00edsticas especiales del suelo y del clima hacen que Copaboca sea un vino muy fresco en boca. De tonos amarillos y verdosos. Nuestra recomendaci\u00f3n es disfrutarlo con platos de pasta o pescado. Temperatura recomendada 12 \u00b0C.<\/p>\n<p><strong>Cuenta con importantes distinciones y medallas:<\/strong><\/p>\n<p><strong>Bacchus de Plata 2013<\/strong><\/p>\n<p><strong>Zarcillo de Plata 2013<\/strong><\/p>\n<p><strong>Concours Mondial de Bruxelles Plata 2013<\/strong><\/p>\n<p><strong>Challengue Du Vin Plata 2013<\/strong><\/p>\n","protected":false},"excerpt":{"rendered":"<h3><strong>DO Rueda<\/strong><\/h3>\n<p>Verdejo 100%. Es el verdejo emblema de Bodegas Copaboca, los vi\u00f1edos se encuentran en la zona m\u00e1s c\u00e1lida de la Reserva Natural Vega del Duero-Riberas de Castronu\u00f1o.<\/p>\n<p><a class=\"download-button\" href=\"https:\/\/copaboca.com\/wp-content\/uploads\/2020\/03\/FICHA-COPABOCA-VERDEJO-RUEDA.pdf\" target=\"_blank\" rel=\"noopener noreferrer\"><i class=\"fa fa-arrow-down\"><\/i>Ficha t\u00e9cnica<\/a><\/p>\n","protected":false},"featured_media":9733,"template":"","meta":[],"product_brand":[],"product_cat":[191],"product_tag":[],"class_list":{"0":"post-7023","1":"product","2":"type-product","3":"status-publish","4":"has-post-thumbnail","6":"product_cat-wines","7":"pa_appellation-of-origin-do-rueda-en","8":"pa_cepa-verdejo-en","9":"pa_collection-copaboca-en","10":"pa_envejecimiento-joven-en","11":"pa_tipo-white","13":"first","14":"instock","15":"taxable","16":"shipping-taxable","17":"purchasable","18":"product-type-simple"},"yoast_head":"<!-- This site is optimized with the Yoast SEO plugin v27.4 - https:\/\/yoast.com\/product\/yoast-seo-wordpress\/ -->\n<title>Copaboca Verdejo - Bodegas Copaboca<\/title>\n<meta name=\"description\" content=\"Verdejo emblema de Bodegas Copaboca, los vi\u00f1edos se encuentran en la zona m\u00e1s c\u00e1lida de la Reserva Natural Vega del Duero-Riberas de Castronu\u00f1o.\" \/>\n<meta name=\"robots\" content=\"index, follow, max-snippet:-1, max-image-preview:large, max-video-preview:-1\" \/>\n<link rel=\"canonical\" href=\"https:\/\/copaboca.com\/en\/tienda\/wines\/copaboca-verdejo\/\" \/>\n<meta property=\"og:locale\" content=\"en_US\" \/>\n<meta property=\"og:type\" content=\"article\" \/>\n<meta property=\"og:title\" content=\"Copaboca Verdejo - Bodegas Copaboca\" \/>\n<meta property=\"og:description\" content=\"Verdejo emblema de Bodegas Copaboca, los vi\u00f1edos se encuentran en la zona m\u00e1s c\u00e1lida de la Reserva Natural Vega del Duero-Riberas de Castronu\u00f1o.\" \/>\n<meta property=\"og:url\" content=\"https:\/\/copaboca.com\/en\/tienda\/wines\/copaboca-verdejo\/\" \/>\n<meta property=\"og:site_name\" content=\"Bodegas Copaboca\" \/>\n<meta property=\"article:modified_time\" content=\"2024-09-05T16:05:05+00:00\" \/>\n<meta property=\"og:image\" content=\"https:\/\/copaboca.com\/wp-content\/uploads\/2014\/01\/Copaboca-Verdejo.png\" \/>\n\t<meta property=\"og:image:width\" content=\"3000\" \/>\n\t<meta property=\"og:image:height\" content=\"3000\" \/>\n\t<meta property=\"og:image:type\" content=\"image\/png\" \/>\n<meta name=\"twitter:card\" content=\"summary_large_image\" \/>\n<script type=\"application\/ld+json\" class=\"yoast-schema-graph\">{\"@context\":\"https:\\\/\\\/schema.org\",\"@graph\":[{\"@type\":\"WebPage\",\"@id\":\"https:\\\/\\\/copaboca.com\\\/en\\\/tienda\\\/wines\\\/copaboca-verdejo\\\/\",\"url\":\"https:\\\/\\\/copaboca.com\\\/en\\\/tienda\\\/wines\\\/copaboca-verdejo\\\/\",\"name\":\"Copaboca Verdejo - Bodegas Copaboca\",\"isPartOf\":{\"@id\":\"https:\\\/\\\/copaboca.com\\\/en\\\/#website\"},\"primaryImageOfPage\":{\"@id\":\"https:\\\/\\\/copaboca.com\\\/en\\\/tienda\\\/wines\\\/copaboca-verdejo\\\/#primaryimage\"},\"image\":{\"@id\":\"https:\\\/\\\/copaboca.com\\\/en\\\/tienda\\\/wines\\\/copaboca-verdejo\\\/#primaryimage\"},\"thumbnailUrl\":\"https:\\\/\\\/copaboca.com\\\/wp-content\\\/uploads\\\/2014\\\/01\\\/Copaboca-Verdejo.png\",\"datePublished\":\"2014-01-14T12:49:31+00:00\",\"dateModified\":\"2024-09-05T16:05:05+00:00\",\"description\":\"Verdejo emblema de Bodegas Copaboca, los vi\u00f1edos se encuentran en la zona m\u00e1s c\u00e1lida de la Reserva Natural Vega del Duero-Riberas de Castronu\u00f1o.\",\"breadcrumb\":{\"@id\":\"https:\\\/\\\/copaboca.com\\\/en\\\/tienda\\\/wines\\\/copaboca-verdejo\\\/#breadcrumb\"},\"inLanguage\":\"en-US\",\"potentialAction\":[{\"@type\":\"ReadAction\",\"target\":[\"https:\\\/\\\/copaboca.com\\\/en\\\/tienda\\\/wines\\\/copaboca-verdejo\\\/\"]}]},{\"@type\":\"ImageObject\",\"inLanguage\":\"en-US\",\"@id\":\"https:\\\/\\\/copaboca.com\\\/en\\\/tienda\\\/wines\\\/copaboca-verdejo\\\/#primaryimage\",\"url\":\"https:\\\/\\\/copaboca.com\\\/wp-content\\\/uploads\\\/2014\\\/01\\\/Copaboca-Verdejo.png\",\"contentUrl\":\"https:\\\/\\\/copaboca.com\\\/wp-content\\\/uploads\\\/2014\\\/01\\\/Copaboca-Verdejo.png\",\"width\":3000,\"height\":3000,\"caption\":\"Copaboca Verdejo. D.O. Rueda\"},{\"@type\":\"BreadcrumbList\",\"@id\":\"https:\\\/\\\/copaboca.com\\\/en\\\/tienda\\\/wines\\\/copaboca-verdejo\\\/#breadcrumb\",\"itemListElement\":[{\"@type\":\"ListItem\",\"position\":1,\"name\":\"Portada\",\"item\":\"https:\\\/\\\/copaboca.com\\\/en\\\/\"},{\"@type\":\"ListItem\",\"position\":2,\"name\":\"Tienda Online\",\"item\":\"https:\\\/\\\/copaboca.com\\\/tienda\\\/\"},{\"@type\":\"ListItem\",\"position\":3,\"name\":\"Copaboca Verdejo\"}]},{\"@type\":\"WebSite\",\"@id\":\"https:\\\/\\\/copaboca.com\\\/en\\\/#website\",\"url\":\"https:\\\/\\\/copaboca.com\\\/en\\\/\",\"name\":\"Bodegas Copaboca\",\"description\":\"Bodegas Copaboca, bodega familiar\",\"potentialAction\":[{\"@type\":\"SearchAction\",\"target\":{\"@type\":\"EntryPoint\",\"urlTemplate\":\"https:\\\/\\\/copaboca.com\\\/en\\\/?s={search_term_string}\"},\"query-input\":{\"@type\":\"PropertyValueSpecification\",\"valueRequired\":true,\"valueName\":\"search_term_string\"}}],\"inLanguage\":\"en-US\"}]}<\/script>\n<!-- \/ Yoast SEO plugin. -->","yoast_head_json":{"title":"Copaboca Verdejo - Bodegas Copaboca","description":"Verdejo emblema de Bodegas Copaboca, los vi\u00f1edos se encuentran en la zona m\u00e1s c\u00e1lida de la Reserva Natural Vega del Duero-Riberas de Castronu\u00f1o.","robots":{"index":"index","follow":"follow","max-snippet":"max-snippet:-1","max-image-preview":"max-image-preview:large","max-video-preview":"max-video-preview:-1"},"canonical":"https:\/\/copaboca.com\/en\/tienda\/wines\/copaboca-verdejo\/","og_locale":"en_US","og_type":"article","og_title":"Copaboca Verdejo - Bodegas Copaboca","og_description":"Verdejo emblema de Bodegas Copaboca, los vi\u00f1edos se encuentran en la zona m\u00e1s c\u00e1lida de la Reserva Natural Vega del Duero-Riberas de Castronu\u00f1o.","og_url":"https:\/\/copaboca.com\/en\/tienda\/wines\/copaboca-verdejo\/","og_site_name":"Bodegas Copaboca","article_modified_time":"2024-09-05T16:05:05+00:00","og_image":[{"width":3000,"height":3000,"url":"https:\/\/copaboca.com\/wp-content\/uploads\/2014\/01\/Copaboca-Verdejo.png","type":"image\/png"}],"twitter_card":"summary_large_image","schema":{"@context":"https:\/\/schema.org","@graph":[{"@type":"WebPage","@id":"https:\/\/copaboca.com\/en\/tienda\/wines\/copaboca-verdejo\/","url":"https:\/\/copaboca.com\/en\/tienda\/wines\/copaboca-verdejo\/","name":"Copaboca Verdejo - Bodegas Copaboca","isPartOf":{"@id":"https:\/\/copaboca.com\/en\/#website"},"primaryImageOfPage":{"@id":"https:\/\/copaboca.com\/en\/tienda\/wines\/copaboca-verdejo\/#primaryimage"},"image":{"@id":"https:\/\/copaboca.com\/en\/tienda\/wines\/copaboca-verdejo\/#primaryimage"},"thumbnailUrl":"https:\/\/copaboca.com\/wp-content\/uploads\/2014\/01\/Copaboca-Verdejo.png","datePublished":"2014-01-14T12:49:31+00:00","dateModified":"2024-09-05T16:05:05+00:00","description":"Verdejo emblema de Bodegas Copaboca, los vi\u00f1edos se encuentran en la zona m\u00e1s c\u00e1lida de la Reserva Natural Vega del Duero-Riberas de Castronu\u00f1o.","breadcrumb":{"@id":"https:\/\/copaboca.com\/en\/tienda\/wines\/copaboca-verdejo\/#breadcrumb"},"inLanguage":"en-US","potentialAction":[{"@type":"ReadAction","target":["https:\/\/copaboca.com\/en\/tienda\/wines\/copaboca-verdejo\/"]}]},{"@type":"ImageObject","inLanguage":"en-US","@id":"https:\/\/copaboca.com\/en\/tienda\/wines\/copaboca-verdejo\/#primaryimage","url":"https:\/\/copaboca.com\/wp-content\/uploads\/2014\/01\/Copaboca-Verdejo.png","contentUrl":"https:\/\/copaboca.com\/wp-content\/uploads\/2014\/01\/Copaboca-Verdejo.png","width":3000,"height":3000,"caption":"Copaboca Verdejo. D.O. Rueda"},{"@type":"BreadcrumbList","@id":"https:\/\/copaboca.com\/en\/tienda\/wines\/copaboca-verdejo\/#breadcrumb","itemListElement":[{"@type":"ListItem","position":1,"name":"Portada","item":"https:\/\/copaboca.com\/en\/"},{"@type":"ListItem","position":2,"name":"Tienda Online","item":"https:\/\/copaboca.com\/tienda\/"},{"@type":"ListItem","position":3,"name":"Copaboca Verdejo"}]},{"@type":"WebSite","@id":"https:\/\/copaboca.com\/en\/#website","url":"https:\/\/copaboca.com\/en\/","name":"Bodegas Copaboca","description":"Bodegas Copaboca, bodega familiar","potentialAction":[{"@type":"SearchAction","target":{"@type":"EntryPoint","urlTemplate":"https:\/\/copaboca.com\/en\/?s={search_term_string}"},"query-input":{"@type":"PropertyValueSpecification","valueRequired":true,"valueName":"search_term_string"}}],"inLanguage":"en-US"}]}},"_links":{"self":[{"href":"https:\/\/copaboca.com\/en\/wp-json\/wp\/v2\/product\/7023","targetHints":{"allow":["GET"]}}],"collection":[{"href":"https:\/\/copaboca.com\/en\/wp-json\/wp\/v2\/product"}],"about":[{"href":"https:\/\/copaboca.com\/en\/wp-json\/wp\/v2\/types\/product"}],"wp:featuredmedia":[{"embeddable":true,"href":"https:\/\/copaboca.com\/en\/wp-json\/wp\/v2\/media\/9733"}],"wp:attachment":[{"href":"https:\/\/copaboca.com\/en\/wp-json\/wp\/v2\/media?parent=7023"}],"wp:term":[{"taxonomy":"product_brand","embeddable":true,"href":"https:\/\/copaboca.com\/en\/wp-json\/wp\/v2\/product_brand?post=7023"},{"taxonomy":"product_cat","embeddable":true,"href":"https:\/\/copaboca.com\/en\/wp-json\/wp\/v2\/product_cat?post=7023"},{"taxonomy":"product_tag","embeddable":true,"href":"https:\/\/copaboca.com\/en\/wp-json\/wp\/v2\/product_tag?post=7023"}],"curies":[{"name":"wp","href":"https:\/\/api.w.org\/{rel}","templated":true}]}}