{"id":7092,"date":"2014-01-08T19:08:46","date_gmt":"2014-01-08T18:08:46","guid":{"rendered":"https:\/\/copaboca.com\/tienda\/uncategorized\/gorgorito-verdejo\/"},"modified":"2024-09-05T18:02:54","modified_gmt":"2024-09-05T16:02:54","slug":"gorgorito-verdejo","status":"publish","type":"product","link":"https:\/\/copaboca.com\/en\/tienda\/wines\/gorgorito-verdejo\/","title":{"rendered":"Gorgorito Verdejo"},"content":{"rendered":"<p>Verdejo 100% DO Rueda. Sus uvas est\u00e1n enclavadas en el Valle Gorgorito, ubicado en una de las zonas m\u00e1s al sur de nuestros vi\u00f1edos que da nombre a este vino. Las caracter\u00edsticas del suelo hacen de Gorgorito un vino equilibrado, ligero, ideal para cualquier ocasi\u00f3n. Con una graduaci\u00f3n ajustada para maridaje de pastas, pescados y carnes blancas. Temperatura recomendada entre 11 y 12 \u00b0C.<\/p>\n<p><strong>Cuenta con importantes galardones:<\/strong><\/p>\n<p><strong>Zarcillo de Plata 2013<\/strong><\/p>\n<p><strong>Mundus Vini Oro 2014<\/strong><\/p>\n","protected":false},"excerpt":{"rendered":"<h3><strong>DO Rueda<\/strong><\/h3>\n<p>Verdejo 100%. Sus uvas est\u00e1n enclavadas en el Valle Gorgorito, ubicado en una de las zonas m\u00e1s al sur de nuestros vi\u00f1edos que da nombre a este vino.<\/p>\n<p><a class=\"download-button\" href=\"https:\/\/copaboca.com\/wp-content\/uploads\/2020\/03\/FICHA-GORGORITO-VERDEJO.pdf\" target=\"_blank\" rel=\"noopener noreferrer\"><i class=\"fa fa-arrow-down\"><\/i>Ficha t\u00e9cnica<\/a><\/p>\n","protected":false},"featured_media":7098,"template":"","meta":[],"product_brand":[],"product_cat":[191],"product_tag":[253,254],"class_list":{"0":"post-7092","1":"product","2":"type-product","3":"status-publish","4":"has-post-thumbnail","6":"product_cat-wines","7":"product_tag-gorgorito-en","8":"product_tag-pajaro-en","9":"pa_appellation-of-origin-do-rueda-en","10":"pa_cepa-verdejo-en","11":"pa_collection-gorgorito-en","12":"pa_envejecimiento-joven-en","13":"pa_tipo-white","15":"first","16":"instock","17":"taxable","18":"shipping-taxable","19":"purchasable","20":"product-type-simple"},"yoast_head":"<!-- This site is optimized with the Yoast SEO plugin v27.4 - https:\/\/yoast.com\/product\/yoast-seo-wordpress\/ -->\n<title>Gorgorito Verdejo 100% DO Rueda, uvas enclavadas en el Valle Gorgorito<\/title>\n<meta name=\"description\" content=\"Verdejo 100% DO Rueda. Uvas enclavadas en el Valle Gorgorito, ubicado en una de las zonas m\u00e1s al sur de nuestros vi\u00f1edos que da nombre a este vino.\" \/>\n<meta name=\"robots\" content=\"index, follow, max-snippet:-1, max-image-preview:large, max-video-preview:-1\" \/>\n<link rel=\"canonical\" href=\"https:\/\/copaboca.com\/en\/tienda\/wines\/gorgorito-verdejo\/\" \/>\n<meta property=\"og:locale\" content=\"en_US\" \/>\n<meta property=\"og:type\" content=\"article\" \/>\n<meta property=\"og:title\" content=\"Gorgorito Verdejo 100% DO Rueda, uvas enclavadas en el Valle Gorgorito\" \/>\n<meta property=\"og:description\" content=\"Verdejo 100% DO Rueda. Uvas enclavadas en el Valle Gorgorito, ubicado en una de las zonas m\u00e1s al sur de nuestros vi\u00f1edos que da nombre a este vino.\" \/>\n<meta property=\"og:url\" content=\"https:\/\/copaboca.com\/en\/tienda\/wines\/gorgorito-verdejo\/\" \/>\n<meta property=\"og:site_name\" content=\"Bodegas Copaboca\" \/>\n<meta property=\"article:modified_time\" content=\"2024-09-05T16:02:54+00:00\" \/>\n<meta property=\"og:image\" content=\"https:\/\/copaboca.com\/wp-content\/uploads\/2020\/02\/Gorgorito.-Verdejo.-D.O.-Rueda.jpg\" \/>\n\t<meta property=\"og:image:width\" content=\"1374\" \/>\n\t<meta property=\"og:image:height\" content=\"1500\" \/>\n\t<meta property=\"og:image:type\" content=\"image\/jpeg\" \/>\n<meta name=\"twitter:card\" content=\"summary_large_image\" \/>\n<script type=\"application\/ld+json\" class=\"yoast-schema-graph\">{\"@context\":\"https:\\\/\\\/schema.org\",\"@graph\":[{\"@type\":\"WebPage\",\"@id\":\"https:\\\/\\\/copaboca.com\\\/en\\\/tienda\\\/wines\\\/gorgorito-verdejo\\\/\",\"url\":\"https:\\\/\\\/copaboca.com\\\/en\\\/tienda\\\/wines\\\/gorgorito-verdejo\\\/\",\"name\":\"Gorgorito Verdejo 100% DO Rueda, uvas enclavadas en el Valle Gorgorito\",\"isPartOf\":{\"@id\":\"https:\\\/\\\/copaboca.com\\\/en\\\/#website\"},\"primaryImageOfPage\":{\"@id\":\"https:\\\/\\\/copaboca.com\\\/en\\\/tienda\\\/wines\\\/gorgorito-verdejo\\\/#primaryimage\"},\"image\":{\"@id\":\"https:\\\/\\\/copaboca.com\\\/en\\\/tienda\\\/wines\\\/gorgorito-verdejo\\\/#primaryimage\"},\"thumbnailUrl\":\"https:\\\/\\\/copaboca.com\\\/wp-content\\\/uploads\\\/2020\\\/02\\\/Gorgorito.-Verdejo.-D.O.-Rueda.jpg\",\"datePublished\":\"2014-01-08T18:08:46+00:00\",\"dateModified\":\"2024-09-05T16:02:54+00:00\",\"description\":\"Verdejo 100% DO Rueda. Uvas enclavadas en el Valle Gorgorito, ubicado en una de las zonas m\u00e1s al sur de nuestros vi\u00f1edos que da nombre a este vino.\",\"breadcrumb\":{\"@id\":\"https:\\\/\\\/copaboca.com\\\/en\\\/tienda\\\/wines\\\/gorgorito-verdejo\\\/#breadcrumb\"},\"inLanguage\":\"en-US\",\"potentialAction\":[{\"@type\":\"ReadAction\",\"target\":[\"https:\\\/\\\/copaboca.com\\\/en\\\/tienda\\\/wines\\\/gorgorito-verdejo\\\/\"]}]},{\"@type\":\"ImageObject\",\"inLanguage\":\"en-US\",\"@id\":\"https:\\\/\\\/copaboca.com\\\/en\\\/tienda\\\/wines\\\/gorgorito-verdejo\\\/#primaryimage\",\"url\":\"https:\\\/\\\/copaboca.com\\\/wp-content\\\/uploads\\\/2020\\\/02\\\/Gorgorito.-Verdejo.-D.O.-Rueda.jpg\",\"contentUrl\":\"https:\\\/\\\/copaboca.com\\\/wp-content\\\/uploads\\\/2020\\\/02\\\/Gorgorito.-Verdejo.-D.O.-Rueda.jpg\",\"width\":1374,\"height\":1500,\"caption\":\"Gorgorito. Verdejo. D.O. Rueda\"},{\"@type\":\"BreadcrumbList\",\"@id\":\"https:\\\/\\\/copaboca.com\\\/en\\\/tienda\\\/wines\\\/gorgorito-verdejo\\\/#breadcrumb\",\"itemListElement\":[{\"@type\":\"ListItem\",\"position\":1,\"name\":\"Portada\",\"item\":\"https:\\\/\\\/copaboca.com\\\/en\\\/\"},{\"@type\":\"ListItem\",\"position\":2,\"name\":\"Tienda Online\",\"item\":\"https:\\\/\\\/copaboca.com\\\/tienda\\\/\"},{\"@type\":\"ListItem\",\"position\":3,\"name\":\"Gorgorito Verdejo\"}]},{\"@type\":\"WebSite\",\"@id\":\"https:\\\/\\\/copaboca.com\\\/en\\\/#website\",\"url\":\"https:\\\/\\\/copaboca.com\\\/en\\\/\",\"name\":\"Bodegas Copaboca\",\"description\":\"Bodegas Copaboca, bodega familiar\",\"potentialAction\":[{\"@type\":\"SearchAction\",\"target\":{\"@type\":\"EntryPoint\",\"urlTemplate\":\"https:\\\/\\\/copaboca.com\\\/en\\\/?s={search_term_string}\"},\"query-input\":{\"@type\":\"PropertyValueSpecification\",\"valueRequired\":true,\"valueName\":\"search_term_string\"}}],\"inLanguage\":\"en-US\"}]}<\/script>\n<!-- \/ Yoast SEO plugin. -->","yoast_head_json":{"title":"Gorgorito Verdejo 100% DO Rueda, uvas enclavadas en el Valle Gorgorito","description":"Verdejo 100% DO Rueda. Uvas enclavadas en el Valle Gorgorito, ubicado en una de las zonas m\u00e1s al sur de nuestros vi\u00f1edos que da nombre a este vino.","robots":{"index":"index","follow":"follow","max-snippet":"max-snippet:-1","max-image-preview":"max-image-preview:large","max-video-preview":"max-video-preview:-1"},"canonical":"https:\/\/copaboca.com\/en\/tienda\/wines\/gorgorito-verdejo\/","og_locale":"en_US","og_type":"article","og_title":"Gorgorito Verdejo 100% DO Rueda, uvas enclavadas en el Valle Gorgorito","og_description":"Verdejo 100% DO Rueda. Uvas enclavadas en el Valle Gorgorito, ubicado en una de las zonas m\u00e1s al sur de nuestros vi\u00f1edos que da nombre a este vino.","og_url":"https:\/\/copaboca.com\/en\/tienda\/wines\/gorgorito-verdejo\/","og_site_name":"Bodegas Copaboca","article_modified_time":"2024-09-05T16:02:54+00:00","og_image":[{"width":1374,"height":1500,"url":"https:\/\/copaboca.com\/wp-content\/uploads\/2020\/02\/Gorgorito.-Verdejo.-D.O.-Rueda.jpg","type":"image\/jpeg"}],"twitter_card":"summary_large_image","schema":{"@context":"https:\/\/schema.org","@graph":[{"@type":"WebPage","@id":"https:\/\/copaboca.com\/en\/tienda\/wines\/gorgorito-verdejo\/","url":"https:\/\/copaboca.com\/en\/tienda\/wines\/gorgorito-verdejo\/","name":"Gorgorito Verdejo 100% DO Rueda, uvas enclavadas en el Valle Gorgorito","isPartOf":{"@id":"https:\/\/copaboca.com\/en\/#website"},"primaryImageOfPage":{"@id":"https:\/\/copaboca.com\/en\/tienda\/wines\/gorgorito-verdejo\/#primaryimage"},"image":{"@id":"https:\/\/copaboca.com\/en\/tienda\/wines\/gorgorito-verdejo\/#primaryimage"},"thumbnailUrl":"https:\/\/copaboca.com\/wp-content\/uploads\/2020\/02\/Gorgorito.-Verdejo.-D.O.-Rueda.jpg","datePublished":"2014-01-08T18:08:46+00:00","dateModified":"2024-09-05T16:02:54+00:00","description":"Verdejo 100% DO Rueda. Uvas enclavadas en el Valle Gorgorito, ubicado en una de las zonas m\u00e1s al sur de nuestros vi\u00f1edos que da nombre a este vino.","breadcrumb":{"@id":"https:\/\/copaboca.com\/en\/tienda\/wines\/gorgorito-verdejo\/#breadcrumb"},"inLanguage":"en-US","potentialAction":[{"@type":"ReadAction","target":["https:\/\/copaboca.com\/en\/tienda\/wines\/gorgorito-verdejo\/"]}]},{"@type":"ImageObject","inLanguage":"en-US","@id":"https:\/\/copaboca.com\/en\/tienda\/wines\/gorgorito-verdejo\/#primaryimage","url":"https:\/\/copaboca.com\/wp-content\/uploads\/2020\/02\/Gorgorito.-Verdejo.-D.O.-Rueda.jpg","contentUrl":"https:\/\/copaboca.com\/wp-content\/uploads\/2020\/02\/Gorgorito.-Verdejo.-D.O.-Rueda.jpg","width":1374,"height":1500,"caption":"Gorgorito. Verdejo. D.O. Rueda"},{"@type":"BreadcrumbList","@id":"https:\/\/copaboca.com\/en\/tienda\/wines\/gorgorito-verdejo\/#breadcrumb","itemListElement":[{"@type":"ListItem","position":1,"name":"Portada","item":"https:\/\/copaboca.com\/en\/"},{"@type":"ListItem","position":2,"name":"Tienda Online","item":"https:\/\/copaboca.com\/tienda\/"},{"@type":"ListItem","position":3,"name":"Gorgorito Verdejo"}]},{"@type":"WebSite","@id":"https:\/\/copaboca.com\/en\/#website","url":"https:\/\/copaboca.com\/en\/","name":"Bodegas Copaboca","description":"Bodegas Copaboca, bodega familiar","potentialAction":[{"@type":"SearchAction","target":{"@type":"EntryPoint","urlTemplate":"https:\/\/copaboca.com\/en\/?s={search_term_string}"},"query-input":{"@type":"PropertyValueSpecification","valueRequired":true,"valueName":"search_term_string"}}],"inLanguage":"en-US"}]}},"_links":{"self":[{"href":"https:\/\/copaboca.com\/en\/wp-json\/wp\/v2\/product\/7092","targetHints":{"allow":["GET"]}}],"collection":[{"href":"https:\/\/copaboca.com\/en\/wp-json\/wp\/v2\/product"}],"about":[{"href":"https:\/\/copaboca.com\/en\/wp-json\/wp\/v2\/types\/product"}],"wp:featuredmedia":[{"embeddable":true,"href":"https:\/\/copaboca.com\/en\/wp-json\/wp\/v2\/media\/7098"}],"wp:attachment":[{"href":"https:\/\/copaboca.com\/en\/wp-json\/wp\/v2\/media?parent=7092"}],"wp:term":[{"taxonomy":"product_brand","embeddable":true,"href":"https:\/\/copaboca.com\/en\/wp-json\/wp\/v2\/product_brand?post=7092"},{"taxonomy":"product_cat","embeddable":true,"href":"https:\/\/copaboca.com\/en\/wp-json\/wp\/v2\/product_cat?post=7092"},{"taxonomy":"product_tag","embeddable":true,"href":"https:\/\/copaboca.com\/en\/wp-json\/wp\/v2\/product_tag?post=7092"}],"curies":[{"name":"wp","href":"https:\/\/api.w.org\/{rel}","templated":true}]}}