{"id":7125,"date":"2014-01-14T14:25:27","date_gmt":"2014-01-14T13:25:27","guid":{"rendered":"https:\/\/copaboca.com\/tienda\/uncategorized\/juan-galindo-lias\/"},"modified":"2025-06-02T10:20:00","modified_gmt":"2025-06-02T08:20:00","slug":"juan-galindo-lias","status":"publish","type":"product","link":"https:\/\/copaboca.com\/en\/tienda\/wines\/juan-galindo-lias\/","title":{"rendered":"Juan Galindo 100% Verdejo"},"content":{"rendered":"<p>Verdejo 100% DO Rueda. Vino procedente de uvas seleccionadas de nuestras mejores vi\u00f1as, enclavadas en la parte m\u00e1s septentrional de la Reserva Natural Vega del Duero-Riberas de Castronu\u00f1o. Juan Galindo L\u00edas est\u00e1 considerado como el mejor vino de nuestra bodega con Denominaci\u00f3n de Origen Rueda. Elegante, persistente y bien estructurado en boca. Temperatura recomendada 12 \u00b0C.<\/p>\n<p><strong>Cuenta con importantes galardones y reconocimientos:<\/strong><\/p>\n<p><strong>Zarcillo de Oro 2013<\/strong><\/p>\n","protected":false},"excerpt":{"rendered":"<h3><strong>DO Rueda<\/strong><\/h3>\n<p>Verdejo 100%. Vino procedente de uvas seleccionadas de nuestras mejores vi\u00f1as, enclavadas en la parte m\u00e1s septentrional de la Reserva Natural Vega del Duero-Riberas de Castronu\u00f1o.<\/p>\n<p><strong>90 puntos Gu\u00eda Pe\u00f1\u00edn.<\/strong><\/p>\n<p>&nbsp;<\/p>\n<p><a class=\"download-button\" href=\"https:\/\/copaboca.com\/wp-content\/uploads\/2020\/03\/FICHA-JUANGALINDO-VERDEJO-LIAS.pdf\" target=\"_blank\" rel=\"noopener noreferrer\"><i class=\"fa fa-arrow-down\"><\/i>Ficha t\u00e9cnica<\/a><\/p>\n","protected":false},"featured_media":7127,"template":"","meta":[],"product_brand":[],"product_cat":[191],"product_tag":[243,256,255,250,249],"class_list":{"0":"post-7125","1":"product","2":"type-product","3":"status-publish","4":"has-post-thumbnail","6":"product_cat-wines","7":"product_tag-copaboca-en","8":"product_tag-galindo-en","9":"product_tag-juan-en","10":"product_tag-rueda-en","11":"product_tag-verdejo-en","12":"pa_appellation-of-origin-do-rueda-en","13":"pa_cepa-verdejo-en","14":"pa_collection-juan-galindo-en","15":"pa_envejecimiento-crianza-sobre-lias-en","16":"pa_tipo-white","18":"first","19":"instock","20":"taxable","21":"shipping-taxable","22":"purchasable","23":"product-type-simple"},"yoast_head":"<!-- This site is optimized with the Yoast SEO plugin v27.4 - https:\/\/yoast.com\/product\/yoast-seo-wordpress\/ -->\n<title>Juan Galindo L\u00edas, Verdejo 100% DO Rueda, Zarcillo de Oro 2013<\/title>\n<meta name=\"description\" content=\"Verdejo 100% DO Rueda. Uvas seleccionadas de nuestras mejores vi\u00f1as, enclavadas en la parte m\u00e1s septentrional de Vega del Duero-Riberas de Castronu\u00f1o.\" \/>\n<meta name=\"robots\" content=\"index, follow, max-snippet:-1, max-image-preview:large, max-video-preview:-1\" \/>\n<link rel=\"canonical\" href=\"https:\/\/copaboca.com\/en\/tienda\/wines\/juan-galindo-lias\/\" \/>\n<meta property=\"og:locale\" content=\"en_US\" \/>\n<meta property=\"og:type\" content=\"article\" \/>\n<meta property=\"og:title\" content=\"Juan Galindo L\u00edas, Verdejo 100% DO Rueda, Zarcillo de Oro 2013\" \/>\n<meta property=\"og:description\" content=\"Verdejo 100% DO Rueda. Uvas seleccionadas de nuestras mejores vi\u00f1as, enclavadas en la parte m\u00e1s septentrional de Vega del Duero-Riberas de Castronu\u00f1o.\" \/>\n<meta property=\"og:url\" content=\"https:\/\/copaboca.com\/en\/tienda\/wines\/juan-galindo-lias\/\" \/>\n<meta property=\"og:site_name\" content=\"Bodegas Copaboca\" \/>\n<meta property=\"article:modified_time\" content=\"2025-06-02T08:20:00+00:00\" \/>\n<meta property=\"og:image\" content=\"https:\/\/copaboca.com\/wp-content\/uploads\/2020\/02\/Juan-Galindo.-Verdejo.-D.O.-Rueda.jpg\" \/>\n\t<meta property=\"og:image:width\" content=\"1374\" \/>\n\t<meta property=\"og:image:height\" content=\"1500\" \/>\n\t<meta property=\"og:image:type\" content=\"image\/jpeg\" \/>\n<meta name=\"twitter:card\" content=\"summary_large_image\" \/>\n<meta name=\"twitter:label1\" content=\"Est. reading time\" \/>\n\t<meta name=\"twitter:data1\" content=\"1 minute\" \/>\n<script type=\"application\/ld+json\" class=\"yoast-schema-graph\">{\"@context\":\"https:\\\/\\\/schema.org\",\"@graph\":[{\"@type\":\"WebPage\",\"@id\":\"https:\\\/\\\/copaboca.com\\\/en\\\/tienda\\\/wines\\\/juan-galindo-lias\\\/\",\"url\":\"https:\\\/\\\/copaboca.com\\\/en\\\/tienda\\\/wines\\\/juan-galindo-lias\\\/\",\"name\":\"Juan Galindo L\u00edas, Verdejo 100% DO Rueda, Zarcillo de Oro 2013\",\"isPartOf\":{\"@id\":\"https:\\\/\\\/copaboca.com\\\/en\\\/#website\"},\"primaryImageOfPage\":{\"@id\":\"https:\\\/\\\/copaboca.com\\\/en\\\/tienda\\\/wines\\\/juan-galindo-lias\\\/#primaryimage\"},\"image\":{\"@id\":\"https:\\\/\\\/copaboca.com\\\/en\\\/tienda\\\/wines\\\/juan-galindo-lias\\\/#primaryimage\"},\"thumbnailUrl\":\"https:\\\/\\\/copaboca.com\\\/wp-content\\\/uploads\\\/2020\\\/02\\\/Juan-Galindo.-Verdejo.-D.O.-Rueda.jpg\",\"datePublished\":\"2014-01-14T13:25:27+00:00\",\"dateModified\":\"2025-06-02T08:20:00+00:00\",\"description\":\"Verdejo 100% DO Rueda. Uvas seleccionadas de nuestras mejores vi\u00f1as, enclavadas en la parte m\u00e1s septentrional de Vega del Duero-Riberas de Castronu\u00f1o.\",\"breadcrumb\":{\"@id\":\"https:\\\/\\\/copaboca.com\\\/en\\\/tienda\\\/wines\\\/juan-galindo-lias\\\/#breadcrumb\"},\"inLanguage\":\"en-US\",\"potentialAction\":[{\"@type\":\"ReadAction\",\"target\":[\"https:\\\/\\\/copaboca.com\\\/en\\\/tienda\\\/wines\\\/juan-galindo-lias\\\/\"]}]},{\"@type\":\"ImageObject\",\"inLanguage\":\"en-US\",\"@id\":\"https:\\\/\\\/copaboca.com\\\/en\\\/tienda\\\/wines\\\/juan-galindo-lias\\\/#primaryimage\",\"url\":\"https:\\\/\\\/copaboca.com\\\/wp-content\\\/uploads\\\/2020\\\/02\\\/Juan-Galindo.-Verdejo.-D.O.-Rueda.jpg\",\"contentUrl\":\"https:\\\/\\\/copaboca.com\\\/wp-content\\\/uploads\\\/2020\\\/02\\\/Juan-Galindo.-Verdejo.-D.O.-Rueda.jpg\",\"width\":1374,\"height\":1500,\"caption\":\"Juan Galindo. Verdejo. D.O. Rueda\"},{\"@type\":\"BreadcrumbList\",\"@id\":\"https:\\\/\\\/copaboca.com\\\/en\\\/tienda\\\/wines\\\/juan-galindo-lias\\\/#breadcrumb\",\"itemListElement\":[{\"@type\":\"ListItem\",\"position\":1,\"name\":\"Portada\",\"item\":\"https:\\\/\\\/copaboca.com\\\/en\\\/\"},{\"@type\":\"ListItem\",\"position\":2,\"name\":\"Tienda Online\",\"item\":\"https:\\\/\\\/copaboca.com\\\/tienda\\\/\"},{\"@type\":\"ListItem\",\"position\":3,\"name\":\"Juan Galindo 100% Verdejo\"}]},{\"@type\":\"WebSite\",\"@id\":\"https:\\\/\\\/copaboca.com\\\/en\\\/#website\",\"url\":\"https:\\\/\\\/copaboca.com\\\/en\\\/\",\"name\":\"Bodegas Copaboca\",\"description\":\"Bodegas Copaboca, bodega familiar\",\"potentialAction\":[{\"@type\":\"SearchAction\",\"target\":{\"@type\":\"EntryPoint\",\"urlTemplate\":\"https:\\\/\\\/copaboca.com\\\/en\\\/?s={search_term_string}\"},\"query-input\":{\"@type\":\"PropertyValueSpecification\",\"valueRequired\":true,\"valueName\":\"search_term_string\"}}],\"inLanguage\":\"en-US\"}]}<\/script>\n<!-- \/ Yoast SEO plugin. -->","yoast_head_json":{"title":"Juan Galindo L\u00edas, Verdejo 100% DO Rueda, Zarcillo de Oro 2013","description":"Verdejo 100% DO Rueda. Uvas seleccionadas de nuestras mejores vi\u00f1as, enclavadas en la parte m\u00e1s septentrional de Vega del Duero-Riberas de Castronu\u00f1o.","robots":{"index":"index","follow":"follow","max-snippet":"max-snippet:-1","max-image-preview":"max-image-preview:large","max-video-preview":"max-video-preview:-1"},"canonical":"https:\/\/copaboca.com\/en\/tienda\/wines\/juan-galindo-lias\/","og_locale":"en_US","og_type":"article","og_title":"Juan Galindo L\u00edas, Verdejo 100% DO Rueda, Zarcillo de Oro 2013","og_description":"Verdejo 100% DO Rueda. Uvas seleccionadas de nuestras mejores vi\u00f1as, enclavadas en la parte m\u00e1s septentrional de Vega del Duero-Riberas de Castronu\u00f1o.","og_url":"https:\/\/copaboca.com\/en\/tienda\/wines\/juan-galindo-lias\/","og_site_name":"Bodegas Copaboca","article_modified_time":"2025-06-02T08:20:00+00:00","og_image":[{"width":1374,"height":1500,"url":"https:\/\/copaboca.com\/wp-content\/uploads\/2020\/02\/Juan-Galindo.-Verdejo.-D.O.-Rueda.jpg","type":"image\/jpeg"}],"twitter_card":"summary_large_image","twitter_misc":{"Est. reading time":"1 minute"},"schema":{"@context":"https:\/\/schema.org","@graph":[{"@type":"WebPage","@id":"https:\/\/copaboca.com\/en\/tienda\/wines\/juan-galindo-lias\/","url":"https:\/\/copaboca.com\/en\/tienda\/wines\/juan-galindo-lias\/","name":"Juan Galindo L\u00edas, Verdejo 100% DO Rueda, Zarcillo de Oro 2013","isPartOf":{"@id":"https:\/\/copaboca.com\/en\/#website"},"primaryImageOfPage":{"@id":"https:\/\/copaboca.com\/en\/tienda\/wines\/juan-galindo-lias\/#primaryimage"},"image":{"@id":"https:\/\/copaboca.com\/en\/tienda\/wines\/juan-galindo-lias\/#primaryimage"},"thumbnailUrl":"https:\/\/copaboca.com\/wp-content\/uploads\/2020\/02\/Juan-Galindo.-Verdejo.-D.O.-Rueda.jpg","datePublished":"2014-01-14T13:25:27+00:00","dateModified":"2025-06-02T08:20:00+00:00","description":"Verdejo 100% DO Rueda. Uvas seleccionadas de nuestras mejores vi\u00f1as, enclavadas en la parte m\u00e1s septentrional de Vega del Duero-Riberas de Castronu\u00f1o.","breadcrumb":{"@id":"https:\/\/copaboca.com\/en\/tienda\/wines\/juan-galindo-lias\/#breadcrumb"},"inLanguage":"en-US","potentialAction":[{"@type":"ReadAction","target":["https:\/\/copaboca.com\/en\/tienda\/wines\/juan-galindo-lias\/"]}]},{"@type":"ImageObject","inLanguage":"en-US","@id":"https:\/\/copaboca.com\/en\/tienda\/wines\/juan-galindo-lias\/#primaryimage","url":"https:\/\/copaboca.com\/wp-content\/uploads\/2020\/02\/Juan-Galindo.-Verdejo.-D.O.-Rueda.jpg","contentUrl":"https:\/\/copaboca.com\/wp-content\/uploads\/2020\/02\/Juan-Galindo.-Verdejo.-D.O.-Rueda.jpg","width":1374,"height":1500,"caption":"Juan Galindo. Verdejo. D.O. Rueda"},{"@type":"BreadcrumbList","@id":"https:\/\/copaboca.com\/en\/tienda\/wines\/juan-galindo-lias\/#breadcrumb","itemListElement":[{"@type":"ListItem","position":1,"name":"Portada","item":"https:\/\/copaboca.com\/en\/"},{"@type":"ListItem","position":2,"name":"Tienda Online","item":"https:\/\/copaboca.com\/tienda\/"},{"@type":"ListItem","position":3,"name":"Juan Galindo 100% Verdejo"}]},{"@type":"WebSite","@id":"https:\/\/copaboca.com\/en\/#website","url":"https:\/\/copaboca.com\/en\/","name":"Bodegas Copaboca","description":"Bodegas Copaboca, bodega familiar","potentialAction":[{"@type":"SearchAction","target":{"@type":"EntryPoint","urlTemplate":"https:\/\/copaboca.com\/en\/?s={search_term_string}"},"query-input":{"@type":"PropertyValueSpecification","valueRequired":true,"valueName":"search_term_string"}}],"inLanguage":"en-US"}]}},"_links":{"self":[{"href":"https:\/\/copaboca.com\/en\/wp-json\/wp\/v2\/product\/7125","targetHints":{"allow":["GET"]}}],"collection":[{"href":"https:\/\/copaboca.com\/en\/wp-json\/wp\/v2\/product"}],"about":[{"href":"https:\/\/copaboca.com\/en\/wp-json\/wp\/v2\/types\/product"}],"wp:featuredmedia":[{"embeddable":true,"href":"https:\/\/copaboca.com\/en\/wp-json\/wp\/v2\/media\/7127"}],"wp:attachment":[{"href":"https:\/\/copaboca.com\/en\/wp-json\/wp\/v2\/media?parent=7125"}],"wp:term":[{"taxonomy":"product_brand","embeddable":true,"href":"https:\/\/copaboca.com\/en\/wp-json\/wp\/v2\/product_brand?post=7125"},{"taxonomy":"product_cat","embeddable":true,"href":"https:\/\/copaboca.com\/en\/wp-json\/wp\/v2\/product_cat?post=7125"},{"taxonomy":"product_tag","embeddable":true,"href":"https:\/\/copaboca.com\/en\/wp-json\/wp\/v2\/product_tag?post=7125"}],"curies":[{"name":"wp","href":"https:\/\/api.w.org\/{rel}","templated":true}]}}